{"id":1460,"date":"2024-11-22T23:50:56","date_gmt":"2024-11-22T22:50:56","guid":{"rendered":"https:\/\/eutopia-ev.de\/hintergrund\/"},"modified":"2025-06-24T14:37:56","modified_gmt":"2025-06-24T13:37:56","slug":"hintergrund","status":"publish","type":"page","link":"https:\/\/eutopia-ev.de\/de\/hintergrund\/","title":{"rendered":"Hintergrund"},"content":{"rendered":"\t\t<div data-elementor-type=\"wp-page\" data-elementor-id=\"1460\" class=\"elementor elementor-1460 elementor-459\" data-elementor-post-type=\"page\">\n\t\t\t\t<div class=\"elementor-element elementor-element-e36bf59 e-con-full e-flex e-con e-parent\" data-id=\"e36bf59\" data-element_type=\"container\" data-e-type=\"container\">\n\t\t<div class=\"elementor-element elementor-element-b065220 e-con-full e-flex e-con e-child\" data-id=\"b065220\" data-element_type=\"container\" data-e-type=\"container\">\n\t\t\t\t<div class=\"elementor-element elementor-element-4440529 elementor-widget elementor-widget-image\" data-id=\"4440529\" data-element_type=\"widget\" data-e-type=\"widget\" data-widget_type=\"image.default\">\n\t\t\t\t<div class=\"elementor-widget-container\">\n\t\t\t\t\t\t\t\t\t\t\t\t\t\t\t<img fetchpriority=\"high\" decoding=\"async\" width=\"800\" height=\"710\" src=\"https:\/\/eutopia-ev.de\/wp-content\/uploads\/2024\/11\/image-1.jpeg\" class=\"attachment-large size-large wp-image-1316\" alt=\"\" srcset=\"https:\/\/eutopia-ev.de\/wp-content\/uploads\/2024\/11\/image-1.jpeg 1000w, https:\/\/eutopia-ev.de\/wp-content\/uploads\/2024\/11\/image-1-300x266.jpeg 300w, https:\/\/eutopia-ev.de\/wp-content\/uploads\/2024\/11\/image-1-150x133.jpeg 150w, https:\/\/eutopia-ev.de\/wp-content\/uploads\/2024\/11\/image-1-768x681.jpeg 768w\" sizes=\"(max-width: 800px) 100vw, 800px\" \/>\t\t\t\t\t\t\t\t\t\t\t\t\t\t\t<\/div>\n\t\t\t\t<\/div>\n\t\t\t\t<\/div>\n\t\t<div class=\"elementor-element elementor-element-68453f3 e-con-full e-flex e-con e-child\" data-id=\"68453f3\" data-element_type=\"container\" data-e-type=\"container\">\n\t\t\t\t<div class=\"elementor-element elementor-element-3fd893d elementor-widget elementor-widget-image\" data-id=\"3fd893d\" data-element_type=\"widget\" data-e-type=\"widget\" data-widget_type=\"image.default\">\n\t\t\t\t<div class=\"elementor-widget-container\">\n\t\t\t\t\t\t\t\t\t\t\t\t\t\t\t<img decoding=\"async\" width=\"800\" height=\"904\" src=\"https:\/\/eutopia-ev.de\/wp-content\/uploads\/2024\/11\/image.jpeg\" class=\"attachment-large size-large wp-image-1314\" alt=\"\" srcset=\"https:\/\/eutopia-ev.de\/wp-content\/uploads\/2024\/11\/image.jpeg 906w, https:\/\/eutopia-ev.de\/wp-content\/uploads\/2024\/11\/image-265x300.jpeg 265w, https:\/\/eutopia-ev.de\/wp-content\/uploads\/2024\/11\/image-133x150.jpeg 133w, https:\/\/eutopia-ev.de\/wp-content\/uploads\/2024\/11\/image-768x868.jpeg 768w\" sizes=\"(max-width: 800px) 100vw, 800px\" \/>\t\t\t\t\t\t\t\t\t\t\t\t\t\t\t<\/div>\n\t\t\t\t<\/div>\n\t\t\t\t<\/div>\n\t\t\t\t<\/div>\n\t\t<div class=\"elementor-element elementor-element-7e3d6591 e-flex e-con-boxed e-con e-parent\" data-id=\"7e3d6591\" data-element_type=\"container\" data-e-type=\"container\">\n\t\t\t\t\t<div class=\"e-con-inner\">\n\t\t\t\t<div class=\"elementor-element elementor-element-14cd4d7f elementor-widget elementor-widget-text-editor\" data-id=\"14cd4d7f\" data-element_type=\"widget\" data-e-type=\"widget\" data-widget_type=\"text-editor.default\">\n\t\t\t\t<div class=\"elementor-widget-container\">\n\t\t\t\t\t\t\t\t\t\n<p>Wie das Lied sagt: \u201a<em>Die Geschichte wird von Freundeskreisen geschrieben.<\/em>\u2018So ist Eutopia entstanden. Eine Gruppe von Menschen aus Griechenland, die erst k\u00fcrzlich nach Oldenburg eingewandert waren, traf 2-3 andere Menschen, die bereits als Einwanderer hier lebten, und beschloss, Zeit und Geld zu investieren, um einen Verein zu gr\u00fcnden. Dieser Verein ist offen f\u00fcr alle, die irgendeine Verbindung zu Griechenland haben oder hatten, unabh\u00e4ngig von ihrer Nationalit\u00e4t.  <\/p>\n\n<p>Trotz vieler b\u00fcrokratischer Schwierigkeiten ist es uns gelungen, den Verein zu gr\u00fcnden. Die Gr\u00fcndungsmitglieder, in alphabetischer Reihenfolge (auf Griechisch), sind: <\/p>\n\n<ul class=\"wp-block-list\">\n<li>Gamura Kanella<\/li>\n\n<li>Diamantopoulou Evi<\/li>\n\n<li>Theodorakopoulos Panagiotis<\/li>\n\n<li>Kananis George<\/li>\n\n<li>Koutroula Olga<\/li>\n\n<li>Koutroulas George<\/li>\n\n<li>Skartsiari Dimitra<\/li>\n\n<li>Tziros Thomas<\/li>\n\n<li>Tounousidi Katerina<\/li>\n<\/ul>\n\n<figure class=\"wp-block-image size-full\"><\/figure>\n\n<figure class=\"wp-block-image size-full\"><\/figure>\n\t\t\t\t\t\t\t\t<\/div>\n\t\t\t\t<\/div>\n\t\t\t\t\t<\/div>\n\t\t\t\t<\/div>\n\t\t\t\t<\/div>\n\t\t","protected":false},"excerpt":{"rendered":"<p>Wie das Lied sagt: \u201aDie Geschichte wird von Freundeskreisen geschrieben.\u2018So ist Eutopia entstanden. Eine Gruppe von Menschen aus Griechenland, die erst k\u00fcrzlich nach Oldenburg eingewandert waren, traf 2-3 andere Menschen, die bereits als Einwanderer hier lebten, und beschloss, Zeit und Geld zu investieren, um einen Verein zu gr\u00fcnden. Dieser Verein ist offen f\u00fcr alle, die [&hellip;]<\/p>\n","protected":false},"author":1,"featured_media":0,"parent":0,"menu_order":0,"comment_status":"closed","ping_status":"closed","template":"","meta":{"iawp_total_views":135,"_mc_calendar":[],"footnotes":""},"class_list":["post-1460","page","type-page","status-publish","hentry"],"_links":{"self":[{"href":"https:\/\/eutopia-ev.de\/de\/wp-json\/wp\/v2\/pages\/1460","targetHints":{"allow":["GET"]}}],"collection":[{"href":"https:\/\/eutopia-ev.de\/de\/wp-json\/wp\/v2\/pages"}],"about":[{"href":"https:\/\/eutopia-ev.de\/de\/wp-json\/wp\/v2\/types\/page"}],"author":[{"embeddable":true,"href":"https:\/\/eutopia-ev.de\/de\/wp-json\/wp\/v2\/users\/1"}],"replies":[{"embeddable":true,"href":"https:\/\/eutopia-ev.de\/de\/wp-json\/wp\/v2\/comments?post=1460"}],"version-history":[{"count":3,"href":"https:\/\/eutopia-ev.de\/de\/wp-json\/wp\/v2\/pages\/1460\/revisions"}],"predecessor-version":[{"id":1463,"href":"https:\/\/eutopia-ev.de\/de\/wp-json\/wp\/v2\/pages\/1460\/revisions\/1463"}],"wp:attachment":[{"href":"https:\/\/eutopia-ev.de\/de\/wp-json\/wp\/v2\/media?parent=1460"}],"curies":[{"name":"wp","href":"https:\/\/api.w.org\/{rel}","templated":true}]}}