{"id":1464,"date":"2024-11-23T19:45:05","date_gmt":"2024-11-23T18:45:05","guid":{"rendered":"https:\/\/eutopia-ev.de\/home\/"},"modified":"2025-06-24T14:50:54","modified_gmt":"2025-06-24T13:50:54","slug":"home","status":"publish","type":"page","link":"https:\/\/eutopia-ev.de\/de\/","title":{"rendered":"Home"},"content":{"rendered":"\t\t<div data-elementor-type=\"wp-page\" data-elementor-id=\"1464\" class=\"elementor elementor-1464 elementor-726\" data-elementor-post-type=\"page\">\n\t\t\t\t<div class=\"elementor-element elementor-element-407f3b6 e-flex e-con-boxed e-con e-parent\" data-id=\"407f3b6\" data-element_type=\"container\" data-e-type=\"container\">\n\t\t\t\t\t<div class=\"e-con-inner\">\n\t\t\t\t<div class=\"elementor-element elementor-element-2fe11e0 elementor-widget elementor-widget-heading\" data-id=\"2fe11e0\" data-element_type=\"widget\" data-e-type=\"widget\" data-widget_type=\"heading.default\">\n\t\t\t\t<div class=\"elementor-widget-container\">\n\t\t\t\t\t<h2 class=\"elementor-heading-title elementor-size-default\">Die griechische Identit\u00e4t feiern, vereint in Oldenburg!\n<\/h2>\t\t\t\t<\/div>\n\t\t\t\t<\/div>\n\t\t<div class=\"elementor-element elementor-element-f744743 e-con-full e-flex e-con e-child\" data-id=\"f744743\" data-element_type=\"container\" data-e-type=\"container\">\n\t\t\t\t<div class=\"elementor-element elementor-element-3b4e1a7 elementor-widget elementor-widget-text-editor\" data-id=\"3b4e1a7\" data-element_type=\"widget\" data-e-type=\"widget\" data-widget_type=\"text-editor.default\">\n\t\t\t\t<div class=\"elementor-widget-container\">\n\t\t\t\t\t\t\t\t\t<p>Eutopia ist der Verein, der alle, die eine Verbindung zu Griechenland haben, zusammenbringt, um unser kulturelles Erbe zu feiern und eine starke Gemeinschaft aufzubauen. Durch Veranstaltungen, traditionelle T\u00e4nze, Sprachtreffen und kreative Aktivit\u00e4ten f\u00f6rdern wir Verbindungen und er\u00f6ffnen neue Wege der Zusammenarbeit. <\/p><p>Beteiligen Sie sich an den Bem\u00fchungen &#8211; gemeinsam k\u00f6nnen wir etwas Einzigartiges schaffen!<\/p>\t\t\t\t\t\t\t\t<\/div>\n\t\t\t\t<\/div>\n\t\t\t\t<\/div>\n\t\t\t\t\t<\/div>\n\t\t\t\t<\/div>\n\t\t\t\t<\/div>\n\t\t","protected":false},"excerpt":{"rendered":"<p>Die griechische Identit\u00e4t feiern, vereint in Oldenburg! Eutopia ist der Verein, der alle, die eine Verbindung zu Griechenland haben, zusammenbringt, um unser kulturelles Erbe zu feiern und eine starke Gemeinschaft aufzubauen. Durch Veranstaltungen, traditionelle T\u00e4nze, Sprachtreffen und kreative Aktivit\u00e4ten f\u00f6rdern wir Verbindungen und er\u00f6ffnen neue Wege der Zusammenarbeit. Beteiligen Sie sich an den Bem\u00fchungen &#8211; [&hellip;]<\/p>\n","protected":false},"author":1,"featured_media":0,"parent":0,"menu_order":0,"comment_status":"closed","ping_status":"closed","template":"","meta":{"iawp_total_views":490,"_mc_calendar":[],"footnotes":""},"class_list":["post-1464","page","type-page","status-publish","hentry"],"_links":{"self":[{"href":"https:\/\/eutopia-ev.de\/de\/wp-json\/wp\/v2\/pages\/1464","targetHints":{"allow":["GET"]}}],"collection":[{"href":"https:\/\/eutopia-ev.de\/de\/wp-json\/wp\/v2\/pages"}],"about":[{"href":"https:\/\/eutopia-ev.de\/de\/wp-json\/wp\/v2\/types\/page"}],"author":[{"embeddable":true,"href":"https:\/\/eutopia-ev.de\/de\/wp-json\/wp\/v2\/users\/1"}],"replies":[{"embeddable":true,"href":"https:\/\/eutopia-ev.de\/de\/wp-json\/wp\/v2\/comments?post=1464"}],"version-history":[{"count":1,"href":"https:\/\/eutopia-ev.de\/de\/wp-json\/wp\/v2\/pages\/1464\/revisions"}],"predecessor-version":[{"id":1465,"href":"https:\/\/eutopia-ev.de\/de\/wp-json\/wp\/v2\/pages\/1464\/revisions\/1465"}],"wp:attachment":[{"href":"https:\/\/eutopia-ev.de\/de\/wp-json\/wp\/v2\/media?parent=1464"}],"curies":[{"name":"wp","href":"https:\/\/api.w.org\/{rel}","templated":true}]}}