{"id":1466,"date":"2024-11-23T00:24:16","date_gmt":"2024-11-22T23:24:16","guid":{"rendered":"https:\/\/eutopia-ev.de\/vorstand\/"},"modified":"2025-11-23T12:13:56","modified_gmt":"2025-11-23T11:13:56","slug":"vorstand","status":"publish","type":"page","link":"https:\/\/eutopia-ev.de\/de\/vorstand\/","title":{"rendered":"Vorstand"},"content":{"rendered":"\t\t<div data-elementor-type=\"wp-page\" data-elementor-id=\"1466\" class=\"elementor elementor-1466 elementor-494\" data-elementor-post-type=\"page\">\n\t\t\t\t<div class=\"elementor-element elementor-element-643b501e e-flex e-con-boxed e-con e-parent\" data-id=\"643b501e\" data-element_type=\"container\" data-e-type=\"container\">\n\t\t\t\t\t<div class=\"e-con-inner\">\n\t\t\t\t<div class=\"elementor-element elementor-element-5f716476 elementor-widget elementor-widget-text-editor\" data-id=\"5f716476\" data-element_type=\"widget\" data-e-type=\"widget\" data-widget_type=\"text-editor.default\">\n\t\t\t\t<div class=\"elementor-widget-container\">\n\t\t\t\t\t\t\t\t\t\n<p>Nach den Wahlen vom 16. November 2025 trat das gew\u00e4hlte siebenk\u00f6pfige F\u00fchrungsteam zusammen und w\u00e4hlte seinerseits den Vorstand f\u00fcr die n\u00e4chsten 2 Jahre.<br>Im Jahr 2027 finden nach einer Generalversammlung erneut Wahlen zur Bestimmung des n\u00e4chsten Vorstands statt. <\/p>\n\n<ul>\n<li>1. Vorsitzende:<br>Kanella Gamoura \u2013 Logop\u00e4din \/ Operationstechnischen Assistentin<\/li>\n<\/ul>\n\n<ul>\n<li>2. Vorsitzende:<br>Katerina Kostellenou \u2013 Migrationssozialarbeiterin<\/li>\n<\/ul>\n\n<ul>\n<li>Schriftf\u00fchrerin:<br>Dimitra Skartsiari \u2013 Ausgebildete Hauswirtschafterin \/ Angestellte im privaten Sektor<\/li>\n<\/ul>\n\n<ul>\n<li>Kassenwart:<br>Giorgos Koutroulas \u2013 Buchhalter \/ Angestellter im privaten Sektor &amp; Unternehmer (Coffee Bike Oldenburg)<\/li>\n<\/ul>\n\t\t\t\t\t\t\t\t<\/div>\n\t\t\t\t<\/div>\n\t\t\t\t\t<\/div>\n\t\t\t\t<\/div>\n\t\t\t\t<\/div>\n\t\t","protected":false},"excerpt":{"rendered":"<p>Nach den Wahlen vom 16. November 2025 trat das gew\u00e4hlte siebenk\u00f6pfige F\u00fchrungsteam zusammen und w\u00e4hlte seinerseits den Vorstand f\u00fcr die n\u00e4chsten 2 Jahre.Im Jahr 2027 finden nach einer Generalversammlung erneut Wahlen zur Bestimmung des n\u00e4chsten Vorstands statt. 1. Vorsitzende:Kanella Gamoura \u2013 Logop\u00e4din \/ Operationstechnischen Assistentin 2. Vorsitzende:Katerina Kostellenou \u2013 Migrationssozialarbeiterin Schriftf\u00fchrerin:Dimitra Skartsiari \u2013 Ausgebildete Hauswirtschafterin [&hellip;]<\/p>\n","protected":false},"author":1,"featured_media":0,"parent":0,"menu_order":0,"comment_status":"closed","ping_status":"closed","template":"","meta":{"iawp_total_views":151,"_mc_calendar":[],"footnotes":""},"class_list":["post-1466","page","type-page","status-publish","hentry"],"_links":{"self":[{"href":"https:\/\/eutopia-ev.de\/de\/wp-json\/wp\/v2\/pages\/1466","targetHints":{"allow":["GET"]}}],"collection":[{"href":"https:\/\/eutopia-ev.de\/de\/wp-json\/wp\/v2\/pages"}],"about":[{"href":"https:\/\/eutopia-ev.de\/de\/wp-json\/wp\/v2\/types\/page"}],"author":[{"embeddable":true,"href":"https:\/\/eutopia-ev.de\/de\/wp-json\/wp\/v2\/users\/1"}],"replies":[{"embeddable":true,"href":"https:\/\/eutopia-ev.de\/de\/wp-json\/wp\/v2\/comments?post=1466"}],"version-history":[{"count":4,"href":"https:\/\/eutopia-ev.de\/de\/wp-json\/wp\/v2\/pages\/1466\/revisions"}],"predecessor-version":[{"id":1730,"href":"https:\/\/eutopia-ev.de\/de\/wp-json\/wp\/v2\/pages\/1466\/revisions\/1730"}],"wp:attachment":[{"href":"https:\/\/eutopia-ev.de\/de\/wp-json\/wp\/v2\/media?parent=1466"}],"curies":[{"name":"wp","href":"https:\/\/api.w.org\/{rel}","templated":true}]}}