{"id":1472,"date":"2024-11-23T00:11:11","date_gmt":"2024-11-22T23:11:11","guid":{"rendered":"https:\/\/eutopia-ev.de\/plaene-fuer-die-zukunft\/"},"modified":"2025-06-24T16:05:13","modified_gmt":"2025-06-24T15:05:13","slug":"plaene-fuer-die-zukunft","status":"publish","type":"page","link":"https:\/\/eutopia-ev.de\/de\/plaene-fuer-die-zukunft\/","title":{"rendered":"Pl\u00e4ne f\u00fcr die Zukunft"},"content":{"rendered":"\t\t<div data-elementor-type=\"wp-page\" data-elementor-id=\"1472\" class=\"elementor elementor-1472 elementor-483\" data-elementor-post-type=\"page\">\n\t\t\t\t<div class=\"elementor-element elementor-element-b8ea530 e-flex e-con-boxed e-con e-parent\" data-id=\"b8ea530\" data-element_type=\"container\" data-e-type=\"container\">\n\t\t\t\t\t<div class=\"e-con-inner\">\n\t\t\t\t<div class=\"elementor-element elementor-element-4f230bb2 elementor-widget elementor-widget-text-editor\" data-id=\"4f230bb2\" data-element_type=\"widget\" data-e-type=\"widget\" data-widget_type=\"text-editor.default\">\n\t\t\t\t<div class=\"elementor-widget-container\">\n\t\t\t\t\t\t\t\t\t\n<p>Unser Verband, der seinen Zielen treu bleibt, plant mit gro\u00dfem Enthusiasmus seine zuk\u00fcnftigen Aktionen und strebt eine kontinuierliche Entwicklung und die Beteiligung aller an. Wir wollen unsere Mitglieder n\u00e4her an den Verband heranf\u00fchren und ihnen die M\u00f6glichkeit geben, sich aktiv zu beteiligen und Ideen einzubringen, die unsere Ziele f\u00f6rdern. <\/p>\n\n<p>Nachstehend finden Sie die wichtigsten Pl\u00e4ne und Ma\u00dfnahmen, die wir f\u00fcr die Zukunft planen. Wir freuen uns darauf, sie mit Ihren Vorschl\u00e4gen und Ihrer Beteiligung zu bereichern: <\/p>\n\n<ol class=\"wp-block-list\">\n<li><strong>Fortf\u00fchrung der Kinderfeste<\/strong>: Organisation von festlichen Veranstaltungen zu Weihnachten und Ostern, die bereits zur Tradition geworden sind.<\/li>\n\n<li><strong>Gro\u00dfes Osterfest 2025<\/strong>: Veranstaltungen mit L\u00e4mmern, T\u00e4nzen und traditionellen Br\u00e4uchen, mit dem Ziel, die Beteiligung zu erh\u00f6hen, da Ostern 2025 mit dem deutschen Osterfest zusammenf\u00e4llt.<\/li>\n\n<li><strong>Ein Projekt zu Ehren von Miki Theodorakis<\/strong>: Anl\u00e4sslich seines 100. Geburtstages im Jahr 2025.<\/li>\n\n<li><strong>Beteiligung an der Globalen Lokale<\/strong>: Beteiligung an den Veranstaltungen der Stadt Oldenburg zur Kulturwoche 2025.<\/li>\n\n<li><strong>Zusammenarbeit mit anderen Vereinen<\/strong>: Mitorganisation von Veranstaltungen zur F\u00f6rderung unseres Vereins.<\/li>\n\n<li><strong>Generalversammlung <\/strong>: Jahresversammlung und Wahl eines neuen Vorstands im Herbst 2025.<\/li>\n<\/ol>\n\n<p> <\/p>\n\n<p><strong>Unser gr\u00f6\u00dfter Traum:<\/strong><br>Ein dauerhaftes Zuhause f\u00fcr den Verein zu finden und zu schaffen, das ein Treffpunkt und ein kreativer Ort f\u00fcr alle unsere Mitglieder sein wird.<\/p>\n\n<p>Gemeinsam k\u00f6nnen wir diese Pl\u00e4ne in die Tat umsetzen!<\/p>\n\t\t\t\t\t\t\t\t<\/div>\n\t\t\t\t<\/div>\n\t\t\t\t\t<\/div>\n\t\t\t\t<\/div>\n\t\t\t\t<\/div>\n\t\t","protected":false},"excerpt":{"rendered":"<p>Unser Verband, der seinen Zielen treu bleibt, plant mit gro\u00dfem Enthusiasmus seine zuk\u00fcnftigen Aktionen und strebt eine kontinuierliche Entwicklung und die Beteiligung aller an. Wir wollen unsere Mitglieder n\u00e4her an den Verband heranf\u00fchren und ihnen die M\u00f6glichkeit geben, sich aktiv zu beteiligen und Ideen einzubringen, die unsere Ziele f\u00f6rdern. Nachstehend finden Sie die wichtigsten Pl\u00e4ne [&hellip;]<\/p>\n","protected":false},"author":1,"featured_media":0,"parent":0,"menu_order":0,"comment_status":"closed","ping_status":"closed","template":"","meta":{"iawp_total_views":97,"_mc_calendar":[],"footnotes":""},"class_list":["post-1472","page","type-page","status-publish","hentry"],"_links":{"self":[{"href":"https:\/\/eutopia-ev.de\/de\/wp-json\/wp\/v2\/pages\/1472","targetHints":{"allow":["GET"]}}],"collection":[{"href":"https:\/\/eutopia-ev.de\/de\/wp-json\/wp\/v2\/pages"}],"about":[{"href":"https:\/\/eutopia-ev.de\/de\/wp-json\/wp\/v2\/types\/page"}],"author":[{"embeddable":true,"href":"https:\/\/eutopia-ev.de\/de\/wp-json\/wp\/v2\/users\/1"}],"replies":[{"embeddable":true,"href":"https:\/\/eutopia-ev.de\/de\/wp-json\/wp\/v2\/comments?post=1472"}],"version-history":[{"count":3,"href":"https:\/\/eutopia-ev.de\/de\/wp-json\/wp\/v2\/pages\/1472\/revisions"}],"predecessor-version":[{"id":1475,"href":"https:\/\/eutopia-ev.de\/de\/wp-json\/wp\/v2\/pages\/1472\/revisions\/1475"}],"wp:attachment":[{"href":"https:\/\/eutopia-ev.de\/de\/wp-json\/wp\/v2\/media?parent=1472"}],"curies":[{"name":"wp","href":"https:\/\/api.w.org\/{rel}","templated":true}]}}