{"id":1481,"date":"2024-11-23T00:57:10","date_gmt":"2024-11-22T23:57:10","guid":{"rendered":"https:\/\/eutopia-ev.de\/ehrenamtliche-taetigkeit-und-mitgliedschaft\/"},"modified":"2025-06-24T18:28:07","modified_gmt":"2025-06-24T17:28:07","slug":"ehrenamtliche-taetigkeit-und-mitgliedschaft","status":"publish","type":"page","link":"https:\/\/eutopia-ev.de\/de\/ehrenamtliche-taetigkeit-und-mitgliedschaft\/","title":{"rendered":"Ehrenamtliche T\u00e4tigkeit und Mitgliedschaft"},"content":{"rendered":"\n<p>Freiwilliges Engagement, obwohl in Griechenland ein missverstandenes Konzept, ist in Deutschland ein fester Bestandteil des t\u00e4glichen Lebens. Die Frage ist jedoch, welche Art von Freiwilligenarbeit wir brauchen. <\/p>\n\n<p>W\u00e4ren wir ein Veranstaltungsunternehmen, g\u00e4be es diese Seite nicht. Jede Aktivit\u00e4t, die wir planen und durchf\u00fchren, erfordert jedoch den Einsatz von Arbeitsstunden unserer Mitglieder: von den Vorbereitungen f\u00fcr Ihre Unterhaltung \u00fcber die Bereitstellung von Leckereien bis hin zum Aufr\u00e4umen nach einer Veranstaltung. Auch diese Website ist das Ergebnis ehrenamtlicher Arbeit.  <\/p>\n\n<p><\/p>\n\n<p>Alle Gr\u00fcndungsmitglieder, mit Ausnahme des Pr\u00e4sidiums, beteiligen sich aktiv an unseren Aktionen. Im Einzelnen: <\/p>\n\n<ul class=\"wp-block-list\">\n<li><strong>Evi Diamantopoulou, Olga Koutroula, Panagiotis Theodorakopoulos und Thomas Tziros.<\/strong><\/li>\n\n\n\n<li>Panagiotis und Thomas sind f\u00fcr die Entwicklung und Pflege der Website verantwortlich. Panagiotis hat auch das grafische Design des Clubs entworfen, mit unserem Logo als Highlight. <\/li>\n<\/ul>\n\n<p>Wesentliche freiwillige Beitr\u00e4ge::<\/p>\n\n<ul class=\"wp-block-list\">\n<li>Beim Anschneiden der Torte wurden wir von <strong>Patroklous Bakas, Katerina Popa und Katerina Kostellenou<\/strong> unterst\u00fctzt, die die traditionellen Torten gebacken haben.<\/li>\n\n\n\n<li>Bei der Lebkuchenaktion im Dezember 2023 las <strong>Maryam Ghandehari<\/strong> den Kindern Geschichten vor, w\u00e4hrend <strong>Asif Imanov<\/strong> ein Video zur Erinnerung an unsere Momente drehte.<\/li>\n\n\n\n<li>Bei der Feier von Ostern 2024 war der Beitrag von <strong>Kostas Valsamidis<\/strong> von unsch\u00e4tzbarem Wert: vom Aufspie\u00dfen und Anbinden der L\u00e4mmer bis zum Aufbau der Zelte und dem Braten. Auch die Eltern des Vorsitzenden,<strong> Savvas Tunousidis und Giota Takou<\/strong>, und die Mutter des stellvertretenden Vorsitzenden, <strong>Rebecca Chronopoulou<\/strong>, haben uns mit Ostereiern und allgemeiner Hilfe unterst\u00fctzt. <\/li>\n\n\n\n<li>Bei der Feier von Ostern 2025 wurden wir beim Braten der L\u00e4mmer von <strong>Thanasis Vassiliou, Georgios Rizos, Dimitris Yfantis<\/strong> (der uns auch am Ostertag beim Braten und Servieren half) und <strong>Dimitris Panagos<\/strong> unterst\u00fctzt. Au\u00dferdem halfen uns wieder <strong>Savvas Tounoussidis und Giota Takou<\/strong> sowie <strong>Rebecca Chronopoulou<\/strong>. Dieses Mal war auch <strong>Adriana Mitsiaki<\/strong> dabei. Wir sollten auch all diejenigen erw\u00e4hnen, die Salate und verschiedene Beilagen sowie S\u00fc\u00dfigkeiten mitgebracht haben, und das waren nicht wenige. Wir sollten auch <strong>Sotiris Simeonidis<\/strong> und <strong>Christos Tsolakidis<\/strong> danken, die uns mit Live-Musik unterhielten.  <\/li>\n\n\n\n<li>Auch denjenigen, die bei verschiedenen Veranstaltungen im Laufe der Jahre entweder beim Putzen geholfen oder uns mit Leckereien gest\u00e4rkt haben.<\/li>\n<\/ul>\n\n<p>\u00a0<\/p>\n\n<p>In der Organisation des Stammtisches:<\/p>\n\n<ul class=\"wp-block-list\">\n<li>In <strong>Nordenham <\/strong>halfen <strong>Thanasis Vassiliou<\/strong> und <strong>Katerina Kostellenou<\/strong>.<\/li>\n\n\n\n<li>In <strong>Wilhelmshaven <\/strong>war die Hilfe von <strong>Eva Kokla<\/strong> entscheidend.<\/li>\n<\/ul>\n\n<p><\/p><p>\u00a0<\/p>\n<p><strong>Aufruf zur freiwilligen Hilfe<\/strong><br\/>Wenn wir eine Aktion ank\u00fcndigen, z\u00f6gert nicht zu fragen, wie ihr helfen k\u00f6nnt.<br\/>Wie Kennedy sagte: \u201e<em>Fragt nicht, was der Verein f\u00fcr euch tun kann, sondern was ihr f\u00fcr den Verein tun k\u00f6nnt<\/em>.\u201c <\/p>\n","protected":false},"excerpt":{"rendered":"<p>Freiwilliges Engagement, obwohl in Griechenland ein missverstandenes Konzept, ist in Deutschland ein fester Bestandteil des t\u00e4glichen Lebens. Die Frage ist jedoch, welche Art von Freiwilligenarbeit wir brauchen. W\u00e4ren wir ein Veranstaltungsunternehmen, g\u00e4be es diese Seite nicht. Jede Aktivit\u00e4t, die wir planen und durchf\u00fchren, erfordert jedoch den Einsatz von Arbeitsstunden unserer Mitglieder: von den Vorbereitungen f\u00fcr [&hellip;]<\/p>\n","protected":false},"author":1,"featured_media":0,"parent":0,"menu_order":0,"comment_status":"closed","ping_status":"closed","template":"","meta":{"iawp_total_views":60,"_mc_calendar":[],"footnotes":""},"class_list":["post-1481","page","type-page","status-publish","hentry"],"_links":{"self":[{"href":"https:\/\/eutopia-ev.de\/de\/wp-json\/wp\/v2\/pages\/1481","targetHints":{"allow":["GET"]}}],"collection":[{"href":"https:\/\/eutopia-ev.de\/de\/wp-json\/wp\/v2\/pages"}],"about":[{"href":"https:\/\/eutopia-ev.de\/de\/wp-json\/wp\/v2\/types\/page"}],"author":[{"embeddable":true,"href":"https:\/\/eutopia-ev.de\/de\/wp-json\/wp\/v2\/users\/1"}],"replies":[{"embeddable":true,"href":"https:\/\/eutopia-ev.de\/de\/wp-json\/wp\/v2\/comments?post=1481"}],"version-history":[{"count":1,"href":"https:\/\/eutopia-ev.de\/de\/wp-json\/wp\/v2\/pages\/1481\/revisions"}],"predecessor-version":[{"id":1482,"href":"https:\/\/eutopia-ev.de\/de\/wp-json\/wp\/v2\/pages\/1481\/revisions\/1482"}],"wp:attachment":[{"href":"https:\/\/eutopia-ev.de\/de\/wp-json\/wp\/v2\/media?parent=1481"}],"curies":[{"name":"wp","href":"https:\/\/api.w.org\/{rel}","templated":true}]}}