{"id":1487,"date":"2024-11-22T23:42:07","date_gmt":"2024-11-22T22:42:07","guid":{"rendered":"https:\/\/eutopia-ev.de\/mitglied-werden\/"},"modified":"2026-01-10T14:49:16","modified_gmt":"2026-01-10T13:49:16","slug":"mitglied-werden","status":"publish","type":"page","link":"https:\/\/eutopia-ev.de\/de\/mitglied-werden\/","title":{"rendered":"Mitglied werden!"},"content":{"rendered":"\t\t<div data-elementor-type=\"wp-page\" data-elementor-id=\"1487\" class=\"elementor elementor-1487 elementor-455\" data-elementor-post-type=\"page\">\n\t\t\t\t<div class=\"elementor-element elementor-element-1e5e2b5e e-flex e-con-boxed e-con e-parent\" data-id=\"1e5e2b5e\" data-element_type=\"container\" data-e-type=\"container\">\n\t\t\t\t\t<div class=\"e-con-inner\">\n\t\t\t\t<div class=\"elementor-element elementor-element-1f44220e elementor-widget elementor-widget-text-editor\" data-id=\"1f44220e\" data-element_type=\"widget\" data-e-type=\"widget\" data-widget_type=\"text-editor.default\">\n\t\t\t\t<div class=\"elementor-widget-container\">\n\t\t\t\t\t\t\t\t\t\n<h4>Anmeldung eines neuen Mitglieds<\/h4>\n<p>Wer Mitglied des Vereins werden m\u00f6chte, f\u00fcllt bitte die ersten beiden der folgenden elektronischen Dokumente aus und sendet sie uns per E-Mail zu, nachdem er den Jahresbeitrag per Bank\u00fcberweisung (Bank\u00fcberweisung) mit dem Verwendungszweck \u201eMitgliedsbeitrag f\u00fcr das Jahr XXXX\u201d sowie dem Vor- und Nachnamen des\/der neuen Mitglieder(s) zu \u00fcberweisen, wobei Sie anstelle von XXXX das Jahr angeben, f\u00fcr das der Mitgliedsbeitrag gezahlt wird.<\/p>\n<p>Bei einigen unserer Veranstaltungen besteht die M\u00f6glichkeit, neue Mitglieder anzumelden, sofern dies im Voraus angek\u00fcndigt wurde. NUR wenn Sie \u00fcber Internet Banking auf Ihrem Mobiltelefon verf\u00fcgen. <\/p>\n<p>Alternativ besteht die M\u00f6glichkeit, die Zahlung per Lastschrift zu t\u00e4tigen, wobei das Mitglied dann auch das dritte elektronische Dokument ausf\u00fcllen muss.<\/p>\n<h4>Verl\u00e4ngerung der Mitgliedschaft<\/h4>\n<p>Alle Verl\u00e4ngerungen der Mitgliedschaft erfolgen entweder per Bank\u00fcberweisung unter Angabe des Namens und \u201eMitgliedsbeitrag f\u00fcr das Jahr XXXX\u201d oder per Lastschrift.<\/p>\n\n<h4>Kosten f\u00fcr die Anmeldung\/Verl\u00e4ngerung der Mitgliedschaft<\/h4>\n<p>Die Kosten f\u00fcr die Mitgliedschaft f\u00fcr das gesamte Jahr 2026 betragen 20 \u20ac. Die Zahlung kann per Bank\u00fcberweisung oder Lastschrift erfolgen.  <\/p>\n\n<h4>Elektronische Dateien f\u00fcr die Mitgliedschaft<\/h4>\n<p> *Eine Unterschrift auf der Datei (SEPA-Lastschriftmandats) ist <strong>nur <\/strong>erforderlich, wenn Sie einen Dauerauftrag einrichten m\u00f6chten.<br><\/p>\n\n<ul class=\"wp-block-list\">\n<li><a href=\"https:\/\/drive.google.com\/file\/d\/1qvedDeJ0NEvwS06Y9d6irq0t9hoGTOmN\/view?usp=sharing\" target=\"_blank\" rel=\"noopener\">Aufnahmenantrag<\/a><\/li>\n\n<li><a href=\"https:\/\/drive.google.com\/file\/d\/1vZJZC7k2XeABO6LX4-y73eTTeMFlwuS2\/view?usp=sharing\" target=\"_blank\" rel=\"noopener\">Datenschutzhinweis<\/a><\/li>\n\n<li><a href=\"https:\/\/drive.google.com\/file\/d\/1pYRQsEZsWu67_xd2jWnlOV38Bgv_mfYi\/view?usp=sharing\" target=\"_blank\" rel=\"noopener\">SEPA-Lastschriftmandats<\/a><\/li>\n<\/ul>\n\n<p> <\/p>\n\n<p><strong>Kontoinhaber: Eutopia \u2013 Verein der Hellenen und Hellasfreunde Oldenburg e.V<\/strong><\/p>\n\n<p><strong>IBAN: DE 06 2805 0100 0095 1627 64<\/strong><\/p>\n\n<p><strong>BIC: SLZODE22XXX<\/strong><\/p>\n\n<p> <\/p>\n\t\t\t\t\t\t\t\t<\/div>\n\t\t\t\t<\/div>\n\t\t\t\t\t<\/div>\n\t\t\t\t<\/div>\n\t\t\t\t<\/div>\n\t\t","protected":false},"excerpt":{"rendered":"<p>Anmeldung eines neuen Mitglieds Wer Mitglied des Vereins werden m\u00f6chte, f\u00fcllt bitte die ersten beiden der folgenden elektronischen Dokumente aus und sendet sie uns per E-Mail zu, nachdem er den Jahresbeitrag per Bank\u00fcberweisung (Bank\u00fcberweisung) mit dem Verwendungszweck \u201eMitgliedsbeitrag f\u00fcr das Jahr XXXX\u201d sowie dem Vor- und Nachnamen des\/der neuen Mitglieder(s) zu \u00fcberweisen, wobei Sie anstelle [&hellip;]<\/p>\n","protected":false},"author":1,"featured_media":0,"parent":0,"menu_order":0,"comment_status":"closed","ping_status":"closed","template":"","meta":{"iawp_total_views":72,"_mc_calendar":[],"footnotes":""},"class_list":["post-1487","page","type-page","status-publish","hentry"],"_links":{"self":[{"href":"https:\/\/eutopia-ev.de\/de\/wp-json\/wp\/v2\/pages\/1487","targetHints":{"allow":["GET"]}}],"collection":[{"href":"https:\/\/eutopia-ev.de\/de\/wp-json\/wp\/v2\/pages"}],"about":[{"href":"https:\/\/eutopia-ev.de\/de\/wp-json\/wp\/v2\/types\/page"}],"author":[{"embeddable":true,"href":"https:\/\/eutopia-ev.de\/de\/wp-json\/wp\/v2\/users\/1"}],"replies":[{"embeddable":true,"href":"https:\/\/eutopia-ev.de\/de\/wp-json\/wp\/v2\/comments?post=1487"}],"version-history":[{"count":4,"href":"https:\/\/eutopia-ev.de\/de\/wp-json\/wp\/v2\/pages\/1487\/revisions"}],"predecessor-version":[{"id":1800,"href":"https:\/\/eutopia-ev.de\/de\/wp-json\/wp\/v2\/pages\/1487\/revisions\/1800"}],"wp:attachment":[{"href":"https:\/\/eutopia-ev.de\/de\/wp-json\/wp\/v2\/media?parent=1487"}],"curies":[{"name":"wp","href":"https:\/\/api.w.org\/{rel}","templated":true}]}}