{"id":1499,"date":"2024-11-23T02:11:23","date_gmt":"2024-11-23T01:11:23","guid":{"rendered":"https:\/\/eutopia-ev.de\/mitgliedskarte\/"},"modified":"2025-06-24T20:11:59","modified_gmt":"2025-06-24T19:11:59","slug":"mitgliedskarte","status":"publish","type":"page","link":"https:\/\/eutopia-ev.de\/de\/mitgliedskarte\/","title":{"rendered":"Mitgliedskarte"},"content":{"rendered":"\t\t<div data-elementor-type=\"wp-page\" data-elementor-id=\"1499\" class=\"elementor elementor-1499 elementor-583\" data-elementor-post-type=\"page\">\n\t\t\t\t<div class=\"elementor-element elementor-element-52759f75 e-flex e-con-boxed e-con e-parent\" data-id=\"52759f75\" data-element_type=\"container\" data-e-type=\"container\">\n\t\t\t\t\t<div class=\"e-con-inner\">\n\t\t\t\t<div class=\"elementor-element elementor-element-36130bf elementor-widget elementor-widget-text-editor\" data-id=\"36130bf\" data-element_type=\"widget\" data-e-type=\"widget\" data-widget_type=\"text-editor.default\">\n\t\t\t\t<div class=\"elementor-widget-container\">\n\t\t\t\t\t\t\t\t\t\n<p>Werden Sie Mitglied der <strong>Eutopia Verein<\/strong> und erhalten Sie Ihre eigene<strong> Mitgliedskarte!<\/strong><\/p>\n\n<p>Die Karte ist aus stabilem Plastik (wie eine Bankkarte) und tr\u00e4gt Ihre pers\u00f6nliche Mitgliedsnummer. Damit k\u00f6nnen Sie zeigen, dass Sie zur Eutopia-Familie geh\u00f6ren! <\/p>\n\n<p>Mit Ihrer Karte k\u00f6nnen Sie an unseren Aktivit\u00e4ten teilnehmen und alle Vorteile nutzen, die Mitglieder genie\u00dfen. Wenn Sie sie noch nicht haben, schicken Sie uns eine Nachricht, um sie zu erhalten. <\/p>\n\t\t\t\t\t\t\t\t<\/div>\n\t\t\t\t<\/div>\n\t\t\t\t\t<\/div>\n\t\t\t\t<\/div>\n\t\t<div class=\"elementor-element elementor-element-709de7e e-flex e-con-boxed e-con e-parent\" data-id=\"709de7e\" data-element_type=\"container\" data-e-type=\"container\">\n\t\t\t\t\t<div class=\"e-con-inner\">\n\t\t<div class=\"elementor-element elementor-element-d8dbc2c e-con-full e-flex e-con e-child\" data-id=\"d8dbc2c\" data-element_type=\"container\" data-e-type=\"container\">\n\t\t\t\t<div class=\"elementor-element elementor-element-5f2833c elementor-widget elementor-widget-image\" data-id=\"5f2833c\" data-element_type=\"widget\" data-e-type=\"widget\" data-widget_type=\"image.default\">\n\t\t\t\t<div class=\"elementor-widget-container\">\n\t\t\t\t\t\t\t\t\t\t\t\t\t\t\t<img fetchpriority=\"high\" decoding=\"async\" width=\"800\" height=\"513\" src=\"https:\/\/eutopia-ev.de\/wp-content\/uploads\/2024\/11\/eutopia_Plastikkarten_2025_back-1024x656.jpg\" class=\"attachment-large size-large wp-image-1332\" alt=\"\" srcset=\"https:\/\/eutopia-ev.de\/wp-content\/uploads\/2024\/11\/eutopia_Plastikkarten_2025_back-1024x656.jpg 1024w, https:\/\/eutopia-ev.de\/wp-content\/uploads\/2024\/11\/eutopia_Plastikkarten_2025_back-300x192.jpg 300w, https:\/\/eutopia-ev.de\/wp-content\/uploads\/2024\/11\/eutopia_Plastikkarten_2025_back-150x96.jpg 150w, https:\/\/eutopia-ev.de\/wp-content\/uploads\/2024\/11\/eutopia_Plastikkarten_2025_back-768x492.jpg 768w, https:\/\/eutopia-ev.de\/wp-content\/uploads\/2024\/11\/eutopia_Plastikkarten_2025_back.jpg 1052w\" sizes=\"(max-width: 800px) 100vw, 800px\" \/>\t\t\t\t\t\t\t\t\t\t\t\t\t\t\t<\/div>\n\t\t\t\t<\/div>\n\t\t\t\t<\/div>\n\t\t<div class=\"elementor-element elementor-element-3633c53 e-con-full e-flex e-con e-child\" data-id=\"3633c53\" data-element_type=\"container\" data-e-type=\"container\">\n\t\t\t\t<div class=\"elementor-element elementor-element-20ec69f elementor-widget elementor-widget-image\" data-id=\"20ec69f\" data-element_type=\"widget\" data-e-type=\"widget\" data-widget_type=\"image.default\">\n\t\t\t\t<div class=\"elementor-widget-container\">\n\t\t\t\t\t\t\t\t\t\t\t\t\t\t\t<img decoding=\"async\" width=\"800\" height=\"513\" src=\"https:\/\/eutopia-ev.de\/wp-content\/uploads\/2024\/11\/eutopia_Plastikkarten_2025_front-1024x656.jpg\" class=\"attachment-large size-large wp-image-1330\" alt=\"\" srcset=\"https:\/\/eutopia-ev.de\/wp-content\/uploads\/2024\/11\/eutopia_Plastikkarten_2025_front-1024x656.jpg 1024w, https:\/\/eutopia-ev.de\/wp-content\/uploads\/2024\/11\/eutopia_Plastikkarten_2025_front-300x192.jpg 300w, https:\/\/eutopia-ev.de\/wp-content\/uploads\/2024\/11\/eutopia_Plastikkarten_2025_front-150x96.jpg 150w, https:\/\/eutopia-ev.de\/wp-content\/uploads\/2024\/11\/eutopia_Plastikkarten_2025_front-768x492.jpg 768w, https:\/\/eutopia-ev.de\/wp-content\/uploads\/2024\/11\/eutopia_Plastikkarten_2025_front.jpg 1052w\" sizes=\"(max-width: 800px) 100vw, 800px\" \/>\t\t\t\t\t\t\t\t\t\t\t\t\t\t\t<\/div>\n\t\t\t\t<\/div>\n\t\t\t\t<\/div>\n\t\t\t\t\t<\/div>\n\t\t\t\t<\/div>\n\t\t\t\t<\/div>\n\t\t","protected":false},"excerpt":{"rendered":"<p>Werden Sie Mitglied der Eutopia Verein und erhalten Sie Ihre eigene Mitgliedskarte! Die Karte ist aus stabilem Plastik (wie eine Bankkarte) und tr\u00e4gt Ihre pers\u00f6nliche Mitgliedsnummer. Damit k\u00f6nnen Sie zeigen, dass Sie zur Eutopia-Familie geh\u00f6ren! Mit Ihrer Karte k\u00f6nnen Sie an unseren Aktivit\u00e4ten teilnehmen und alle Vorteile nutzen, die Mitglieder genie\u00dfen. Wenn Sie sie noch [&hellip;]<\/p>\n","protected":false},"author":1,"featured_media":0,"parent":0,"menu_order":0,"comment_status":"closed","ping_status":"closed","template":"","meta":{"iawp_total_views":37,"_mc_calendar":[],"footnotes":""},"class_list":["post-1499","page","type-page","status-publish","hentry"],"_links":{"self":[{"href":"https:\/\/eutopia-ev.de\/de\/wp-json\/wp\/v2\/pages\/1499","targetHints":{"allow":["GET"]}}],"collection":[{"href":"https:\/\/eutopia-ev.de\/de\/wp-json\/wp\/v2\/pages"}],"about":[{"href":"https:\/\/eutopia-ev.de\/de\/wp-json\/wp\/v2\/types\/page"}],"author":[{"embeddable":true,"href":"https:\/\/eutopia-ev.de\/de\/wp-json\/wp\/v2\/users\/1"}],"replies":[{"embeddable":true,"href":"https:\/\/eutopia-ev.de\/de\/wp-json\/wp\/v2\/comments?post=1499"}],"version-history":[{"count":3,"href":"https:\/\/eutopia-ev.de\/de\/wp-json\/wp\/v2\/pages\/1499\/revisions"}],"predecessor-version":[{"id":1502,"href":"https:\/\/eutopia-ev.de\/de\/wp-json\/wp\/v2\/pages\/1499\/revisions\/1502"}],"wp:attachment":[{"href":"https:\/\/eutopia-ev.de\/de\/wp-json\/wp\/v2\/media?parent=1499"}],"curies":[{"name":"wp","href":"https:\/\/api.w.org\/{rel}","templated":true}]}}