{"id":1503,"date":"2024-11-23T01:03:04","date_gmt":"2024-11-23T00:03:04","guid":{"rendered":"https:\/\/eutopia-ev.de\/geschenkgutscheine-rabatte-fuer-mitglieder\/"},"modified":"2025-06-24T20:21:06","modified_gmt":"2025-06-24T19:21:06","slug":"geschenkgutscheine-rabatte-fuer-mitglieder","status":"publish","type":"page","link":"https:\/\/eutopia-ev.de\/de\/geschenkgutscheine-rabatte-fuer-mitglieder\/","title":{"rendered":"Geschenkgutscheine \/ Rabatte f\u00fcr Mitglieder"},"content":{"rendered":"\t\t<div data-elementor-type=\"wp-page\" data-elementor-id=\"1503\" class=\"elementor elementor-1503 elementor-541\" data-elementor-post-type=\"page\">\n\t\t\t\t<div class=\"elementor-element elementor-element-4af7453a e-flex e-con-boxed e-con e-parent\" data-id=\"4af7453a\" data-element_type=\"container\" data-e-type=\"container\">\n\t\t\t\t\t<div class=\"e-con-inner\">\n\t\t<div class=\"elementor-element elementor-element-8c2402f e-con-full e-flex e-con e-child\" data-id=\"8c2402f\" data-element_type=\"container\" data-e-type=\"container\">\n\t\t\t\t<div class=\"elementor-element elementor-element-7ead541 elementor-widget elementor-widget-text-editor\" data-id=\"7ead541\" data-element_type=\"widget\" data-e-type=\"widget\" data-widget_type=\"text-editor.default\">\n\t\t\t\t<div class=\"elementor-widget-container\">\n\t\t\t\t\t\t\t\t\t<p>Als Mitglied k\u00f6nnen Sie von Geschenkgutscheinen, Sonderrabatten und exklusiv f\u00fcr Sie gesicherten Vorteilen profitieren. <\/p>\n<p><strong>Achtung!<\/strong> Alle Erm\u00e4\u00dfigungen sind nur gegen Vorlage der Mitgliedskarte des Clubs g\u00fcltig.<\/p>\n<p><\/p>\n<p><\/p>\n<p><\/p>\t\t\t\t\t\t\t\t<\/div>\n\t\t\t\t<\/div>\n\t\t\t\t<\/div>\n\t\t<div class=\"elementor-element elementor-element-7315eee e-con-full e-flex e-con e-child\" data-id=\"7315eee\" data-element_type=\"container\" data-e-type=\"container\">\n\t\t\t\t<\/div>\n\t\t\t\t\t<\/div>\n\t\t\t\t<\/div>\n\t\t\t\t<\/div>\n\t\t","protected":false},"excerpt":{"rendered":"<p>Als Mitglied k\u00f6nnen Sie von Geschenkgutscheinen, Sonderrabatten und exklusiv f\u00fcr Sie gesicherten Vorteilen profitieren. Achtung! Alle Erm\u00e4\u00dfigungen sind nur gegen Vorlage der Mitgliedskarte des Clubs g\u00fcltig.<\/p>\n","protected":false},"author":1,"featured_media":0,"parent":0,"menu_order":0,"comment_status":"closed","ping_status":"closed","template":"","meta":{"iawp_total_views":31,"_mc_calendar":[],"footnotes":""},"class_list":["post-1503","page","type-page","status-publish","hentry"],"_links":{"self":[{"href":"https:\/\/eutopia-ev.de\/de\/wp-json\/wp\/v2\/pages\/1503","targetHints":{"allow":["GET"]}}],"collection":[{"href":"https:\/\/eutopia-ev.de\/de\/wp-json\/wp\/v2\/pages"}],"about":[{"href":"https:\/\/eutopia-ev.de\/de\/wp-json\/wp\/v2\/types\/page"}],"author":[{"embeddable":true,"href":"https:\/\/eutopia-ev.de\/de\/wp-json\/wp\/v2\/users\/1"}],"replies":[{"embeddable":true,"href":"https:\/\/eutopia-ev.de\/de\/wp-json\/wp\/v2\/comments?post=1503"}],"version-history":[{"count":3,"href":"https:\/\/eutopia-ev.de\/de\/wp-json\/wp\/v2\/pages\/1503\/revisions"}],"predecessor-version":[{"id":1506,"href":"https:\/\/eutopia-ev.de\/de\/wp-json\/wp\/v2\/pages\/1503\/revisions\/1506"}],"wp:attachment":[{"href":"https:\/\/eutopia-ev.de\/de\/wp-json\/wp\/v2\/media?parent=1503"}],"curies":[{"name":"wp","href":"https:\/\/api.w.org\/{rel}","templated":true}]}}