{"id":1507,"date":"2024-11-23T02:07:41","date_gmt":"2024-11-23T01:07:41","guid":{"rendered":"https:\/\/eutopia-ev.de\/eutopia-vereinskleidung-kostuemverein\/"},"modified":"2025-06-24T20:37:35","modified_gmt":"2025-06-24T19:37:35","slug":"eutopia-vereinskleidung-kostuemverein","status":"publish","type":"page","link":"https:\/\/eutopia-ev.de\/de\/eutopia-vereinskleidung-kostuemverein\/","title":{"rendered":"Eutopia Vereinskleidung \u201eKost\u00fcmverein\u201c"},"content":{"rendered":"\t\t<div data-elementor-type=\"wp-page\" data-elementor-id=\"1507\" class=\"elementor elementor-1507 elementor-580\" data-elementor-post-type=\"page\">\n\t\t\t\t<div class=\"elementor-element elementor-element-71801b0 e-flex e-con-boxed e-con e-parent\" data-id=\"71801b0\" data-element_type=\"container\" data-e-type=\"container\">\n\t\t\t\t\t<div class=\"e-con-inner\">\n\t\t<div class=\"elementor-element elementor-element-00bfbbb e-con-full e-flex e-con e-child\" data-id=\"00bfbbb\" data-element_type=\"container\" data-e-type=\"container\">\n\t\t<div class=\"elementor-element elementor-element-e17d0f0 e-con-full e-flex e-con e-child\" data-id=\"e17d0f0\" data-element_type=\"container\" data-e-type=\"container\">\n\t\t\t\t<div class=\"elementor-element elementor-element-2313dfb8 elementor-widget elementor-widget-text-editor\" data-id=\"2313dfb8\" data-element_type=\"widget\" data-e-type=\"widget\" data-widget_type=\"text-editor.default\">\n\t\t\t\t<div class=\"elementor-widget-container\">\n\t\t\t\t\t\t\t\t\t\n<p data-start=\"118\" data-end=\"280\">Wir freuen uns, Ihnen die M\u00f6glichkeit zu bieten, <strong data-start=\"170\" data-end=\"208\">das offizielle Kost\u00fcm von Eutopia<\/strong> zu erwerben! Zeigen Sie Ihre Unterst\u00fctzung f\u00fcr den Verein mit unserer exklusiven Kleidung.<\/p>\n<p data-start=\"282\" data-end=\"477\">Um Ihre Bestellung aufzugeben, senden Sie uns eine E-Mail an <strong data-start=\"338\" data-end=\"365\">eutopia.ev@gmail.com<\/strong> mit den folgenden Angaben:<br data-start=\"390\" data-end=\"393\">\u2705 Ihr Name<br data-start=\"407\" data-end=\"410\">\u2705 Die Produkte, die Sie bestellen m\u00f6chten<br data-start=\"450\" data-end=\"453\">\u2705 Gr\u00f6\u00dfe und Menge<\/p>\n<p data-start=\"479\" data-end=\"667\">Wir sammeln die Bestellungen <strong data-start=\"506\" data-end=\"524\">alle zwei Monate<\/strong> und leiten sie dann an unseren Lieferanten weiter. Sobald wir die Produkte erhalten, werden wir Sie \u00fcber den Eingang informieren. <\/p>\n<p data-start=\"669\" data-end=\"744\">Vielen Dank, dass Sie Teil von <strong data-start=\"706\" data-end=\"718\">Eutopia<\/strong> sind &#8211; bei Fragen k\u00f6nnen Sie uns gerne kontaktieren.<\/p>\n\t\t\t\t\t\t\t\t<\/div>\n\t\t\t\t<\/div>\n\t\t\t\t<\/div>\n\t\t<div class=\"elementor-element elementor-element-3743996 e-con-full e-flex e-con e-child\" data-id=\"3743996\" data-element_type=\"container\" data-e-type=\"container\">\n\t\t\t\t<\/div>\n\t\t<div class=\"elementor-element elementor-element-3161a02 e-con-full e-flex e-con e-child\" data-id=\"3161a02\" data-element_type=\"container\" data-e-type=\"container\">\n\t\t\t\t<div class=\"elementor-element elementor-element-b9128af elementor-widget elementor-widget-text-editor\" data-id=\"b9128af\" data-element_type=\"widget\" data-e-type=\"widget\" data-widget_type=\"text-editor.default\">\n\t\t\t\t<div class=\"elementor-widget-container\">\n\t\t\t\t\t\t\t\t\t<p data-start=\"37\" data-end=\"259\">Ein gro\u00dfes Dankesch\u00f6n an <a href=\"https:\/\/eutopia-ev.de\/sport-duwe\/\"><strong data-start=\"62\" data-end=\"76\">Sport Duwe<\/strong><\/a> f\u00fcr die Sonderpreise und die Unterst\u00fctzung unseres Vereins!<\/p>\n<p data-start=\"261\" data-end=\"293\" data-is-last-node=\"\">Wir sch\u00e4tzen Ihre Unterst\u00fctzung!<\/p>\n<p data-start=\"261\" data-end=\"293\" data-is-last-node=\"\"><img decoding=\"async\" class=\"size-thumbnail wp-image-1021 aligncenter\" src=\"https:\/\/eutopia-ev.de\/wp-content\/uploads\/2025\/02\/sport-duwe-150x150.png\" alt=\"\" width=\"150\" height=\"150\" srcset=\"https:\/\/eutopia-ev.de\/wp-content\/uploads\/2025\/02\/sport-duwe-150x150.png 150w, https:\/\/eutopia-ev.de\/wp-content\/uploads\/2025\/02\/sport-duwe-300x300.png 300w, https:\/\/eutopia-ev.de\/wp-content\/uploads\/2025\/02\/sport-duwe-768x768.png 768w, https:\/\/eutopia-ev.de\/wp-content\/uploads\/2025\/02\/sport-duwe.png 960w\" sizes=\"(max-width: 150px) 100vw, 150px\" \/><\/p>\t\t\t\t\t\t\t\t<\/div>\n\t\t\t\t<\/div>\n\t\t\t\t<\/div>\n\t\t\t\t<\/div>\n\t\t\t\t\t<\/div>\n\t\t\t\t<\/div>\n\t\t\t\t<\/div>\n\t\t","protected":false},"excerpt":{"rendered":"<p>Wir freuen uns, Ihnen die M\u00f6glichkeit zu bieten, das offizielle Kost\u00fcm von Eutopia zu erwerben! Zeigen Sie Ihre Unterst\u00fctzung f\u00fcr den Verein mit unserer exklusiven Kleidung. Um Ihre Bestellung aufzugeben, senden Sie uns eine E-Mail an eutopia.ev@gmail.com mit den folgenden Angaben:\u2705 Ihr Name\u2705 Die Produkte, die Sie bestellen m\u00f6chten\u2705 Gr\u00f6\u00dfe und Menge Wir sammeln die [&hellip;]<\/p>\n","protected":false},"author":1,"featured_media":0,"parent":0,"menu_order":0,"comment_status":"closed","ping_status":"closed","template":"","meta":{"iawp_total_views":70,"_mc_calendar":[],"footnotes":""},"class_list":["post-1507","page","type-page","status-publish","hentry"],"_links":{"self":[{"href":"https:\/\/eutopia-ev.de\/de\/wp-json\/wp\/v2\/pages\/1507","targetHints":{"allow":["GET"]}}],"collection":[{"href":"https:\/\/eutopia-ev.de\/de\/wp-json\/wp\/v2\/pages"}],"about":[{"href":"https:\/\/eutopia-ev.de\/de\/wp-json\/wp\/v2\/types\/page"}],"author":[{"embeddable":true,"href":"https:\/\/eutopia-ev.de\/de\/wp-json\/wp\/v2\/users\/1"}],"replies":[{"embeddable":true,"href":"https:\/\/eutopia-ev.de\/de\/wp-json\/wp\/v2\/comments?post=1507"}],"version-history":[{"count":3,"href":"https:\/\/eutopia-ev.de\/de\/wp-json\/wp\/v2\/pages\/1507\/revisions"}],"predecessor-version":[{"id":1510,"href":"https:\/\/eutopia-ev.de\/de\/wp-json\/wp\/v2\/pages\/1507\/revisions\/1510"}],"wp:attachment":[{"href":"https:\/\/eutopia-ev.de\/de\/wp-json\/wp\/v2\/media?parent=1507"}],"curies":[{"name":"wp","href":"https:\/\/api.w.org\/{rel}","templated":true}]}}