{"id":1517,"date":"2024-11-23T01:28:06","date_gmt":"2024-11-23T00:28:06","guid":{"rendered":"https:\/\/eutopia-ev.de\/konversationstreff\/"},"modified":"2025-06-24T21:11:42","modified_gmt":"2025-06-24T20:11:42","slug":"konversationstreff","status":"publish","type":"page","link":"https:\/\/eutopia-ev.de\/de\/konversationstreff\/","title":{"rendered":"Konversationstreff"},"content":{"rendered":"\t\t<div data-elementor-type=\"wp-page\" data-elementor-id=\"1517\" class=\"elementor elementor-1517 elementor-552\" data-elementor-post-type=\"page\">\n\t\t\t\t<div class=\"elementor-element elementor-element-2772d036 e-flex e-con-boxed e-con e-parent\" data-id=\"2772d036\" data-element_type=\"container\" data-e-type=\"container\">\n\t\t\t\t\t<div class=\"e-con-inner\">\n\t\t<div class=\"elementor-element elementor-element-6bd8a7e e-con-full e-flex e-con e-child\" data-id=\"6bd8a7e\" data-element_type=\"container\" data-e-type=\"container\">\n\t\t\t\t<div class=\"elementor-element elementor-element-6d83add5 elementor-widget elementor-widget-text-editor\" data-id=\"6d83add5\" data-element_type=\"widget\" data-e-type=\"widget\" data-widget_type=\"text-editor.default\">\n\t\t\t\t<div class=\"elementor-widget-container\">\n\t\t\t\t\t\t\t\t\t\n<p><em>Neuer Konversationstreff- Kreis in deutscher Sprache des Vereins<\/em> <\/p>\n\n<p>Unser Verein startet eine Reihe von Konversationstreffs in deutscher Sprache mit dem Ziel, unsere Mitglieder in ihrer m\u00fcndlichen Sprachpraxis und Alltagskommunikation zu unterst\u00fctzen. <\/p>\n\n<p>Die Treffen finden in einer entspannten Atmosph\u00e4re statt und sind ideal, um sich mit der Sprache vertraut zu machen, die Sprachfertigkeit zu verbessern und den Wortschatz zu erweitern. <\/p>\n\n<p><em>Informationen \u00fcber Kurse und Treffen:<\/em> <\/p>\n\n<ul class=\"wp-block-list\">\n<li><em>Start<\/em>: Donnerstag, 16. Januar 2025 <\/li>\n\n<li><em>Dauer des Zyklus:<\/em> 2 Monate und 1 Woche (bis 20. M\u00e4rz 2025) Da wir zwei Sitzungen verpasst haben, werden wir sie im April nachholen: 3. und 10. April. \ud83d\ude42  <\/li>\n\n<li><em>Sitzungstag:<\/em> jeden Donnerstag <\/li>\n\n<li><em>Sitzungszeiten:<\/em><br>&#8211; <em>Fortgeschrittenen-Gruppe<\/em>: 17:45 &#8211; 19:15<br>&#8211; <em>Anf\u00e4ngergruppe<\/em>: 19:30 &#8211; 20:45 <\/li>\n\n<li><em>Ort<\/em>: Stadtteiltreff Dietrichsfeld (Alexanderstra\u00dfe 331, 26127 Oldenburg) <\/li>\n<\/ul>\n\n<p> <\/p>\n<p><em>Bedingungen f\u00fcr die Teilnahme:<\/em> <\/p>\n\n<ol class=\"wp-block-list\">\n<li>Sie m\u00fcssen Mitglied der Vereinigung sein und ihre Mitgliedschaft erneuern (au\u00dfer bei Personen unter 18 Jahren, f\u00fcr die die Anmeldung eines Elternteils erforderlich ist). <\/li>\n\n<li>Zahlung von 20 \u20ac an Verfahrenskosten f\u00fcr den ersten Zeitraum. (16\/01-20\/03)<\/li>\n\n<li>Kontaktieren Sie uns, um Ihr Interesse zu bekunden. <\/li>\n<\/ol>\n\n<p>Sie k\u00f6nnen teilnehmen, auch wenn der Kreislauf bereits begonnen hat! <\/p>\n\n<p><em>Koordinator:<\/em><br>Die <strong>Frau Aliki Anagnostopoulou<\/strong>der wir herzlich f\u00fcr ihren freiwilligen Beitrag danken. <\/p>\n\n<p><em>Erkl\u00e4rungen von Interesse:<\/em><br>Kontaktieren Sie den Verein, um Ihr Interesse zu bekunden und an dieser kreativen und lehrreichen Initiative teilzunehmen! <\/p>\n\t\t\t\t\t\t\t\t<\/div>\n\t\t\t\t<\/div>\n\t\t\t\t<\/div>\n\t\t\t\t\t<\/div>\n\t\t\t\t<\/div>\n\t\t\t\t<\/div>\n\t\t","protected":false},"excerpt":{"rendered":"<p>Neuer Konversationstreff- Kreis in deutscher Sprache des Vereins Unser Verein startet eine Reihe von Konversationstreffs in deutscher Sprache mit dem Ziel, unsere Mitglieder in ihrer m\u00fcndlichen Sprachpraxis und Alltagskommunikation zu unterst\u00fctzen. Die Treffen finden in einer entspannten Atmosph\u00e4re statt und sind ideal, um sich mit der Sprache vertraut zu machen, die Sprachfertigkeit zu verbessern und [&hellip;]<\/p>\n","protected":false},"author":1,"featured_media":0,"parent":0,"menu_order":0,"comment_status":"closed","ping_status":"closed","template":"","meta":{"iawp_total_views":67,"_mc_calendar":[],"footnotes":""},"class_list":["post-1517","page","type-page","status-publish","hentry"],"_links":{"self":[{"href":"https:\/\/eutopia-ev.de\/de\/wp-json\/wp\/v2\/pages\/1517","targetHints":{"allow":["GET"]}}],"collection":[{"href":"https:\/\/eutopia-ev.de\/de\/wp-json\/wp\/v2\/pages"}],"about":[{"href":"https:\/\/eutopia-ev.de\/de\/wp-json\/wp\/v2\/types\/page"}],"author":[{"embeddable":true,"href":"https:\/\/eutopia-ev.de\/de\/wp-json\/wp\/v2\/users\/1"}],"replies":[{"embeddable":true,"href":"https:\/\/eutopia-ev.de\/de\/wp-json\/wp\/v2\/comments?post=1517"}],"version-history":[{"count":3,"href":"https:\/\/eutopia-ev.de\/de\/wp-json\/wp\/v2\/pages\/1517\/revisions"}],"predecessor-version":[{"id":1520,"href":"https:\/\/eutopia-ev.de\/de\/wp-json\/wp\/v2\/pages\/1517\/revisions\/1520"}],"wp:attachment":[{"href":"https:\/\/eutopia-ev.de\/de\/wp-json\/wp\/v2\/media?parent=1517"}],"curies":[{"name":"wp","href":"https:\/\/api.w.org\/{rel}","templated":true}]}}