{"id":1525,"date":"2024-11-22T23:46:01","date_gmt":"2024-11-22T22:46:01","guid":{"rendered":"https:\/\/eutopia-ev.de\/leihbibliothek\/"},"modified":"2025-06-24T21:22:23","modified_gmt":"2025-06-24T20:22:23","slug":"leihbibliothek","status":"publish","type":"page","link":"https:\/\/eutopia-ev.de\/de\/leihbibliothek\/","title":{"rendered":"Leihbibliothek"},"content":{"rendered":"\t\t<div data-elementor-type=\"wp-page\" data-elementor-id=\"1525\" class=\"elementor elementor-1525 elementor-457\" data-elementor-post-type=\"page\">\n\t\t\t\t<div class=\"elementor-element elementor-element-70792b8f e-flex e-con-boxed e-con e-parent\" data-id=\"70792b8f\" data-element_type=\"container\" data-e-type=\"container\">\n\t\t\t\t\t<div class=\"e-con-inner\">\n\t\t\t\t<div class=\"elementor-element elementor-element-19ea38c4 elementor-widget elementor-widget-text-editor\" data-id=\"19ea38c4\" data-element_type=\"widget\" data-e-type=\"widget\" data-widget_type=\"text-editor.default\">\n\t\t\t\t<div class=\"elementor-widget-container\">\n\t\t\t\t\t\t\t\t\t<p><\/p>\n<p><strong>Auf Initiative der Sekret\u00e4rin der Vereinigung, Dimitra Skartsiari, wurde die Leihbibliothek der Vereinigung gegr\u00fcndet. <\/strong><\/p>\n<p><\/p>\n<p>Wir hoffen, dass unsere Mitglieder diese Bem\u00fchungen durch Buchspenden unterst\u00fctzen werden. Auf diese Weise kann die Bibliothek wachsen und f\u00fcr alle n\u00fctzlich werden.<\/p>\n<p><\/p>\n<p>Zur Zeit ist die Bibliothek in den R\u00e4umen des Stadtteiltreffs Dietrichsfeld in der Alexanderstra\u00dfe untergebracht. 331, in Oldenburg. Um B\u00fccher auszuleihen, wenden Sie sich einfach an Demetra.<\/p>\n<p>Ein Dankesch\u00f6n an alle, die B\u00fccher gespendet haben.<\/p>\n<p>Eine Liste der B\u00fccher wird in K\u00fcrze ver\u00f6ffentlicht werden.<\/p>\n<p><\/p>\t\t\t\t\t\t\t\t<\/div>\n\t\t\t\t<\/div>\n\t\t\t\t\t<\/div>\n\t\t\t\t<\/div>\n\t\t<div class=\"elementor-element elementor-element-fb92aad e-flex e-con-boxed e-con e-parent\" data-id=\"fb92aad\" data-element_type=\"container\" data-e-type=\"container\">\n\t\t\t\t\t<div class=\"e-con-inner\">\n\t\t\t\t<div class=\"elementor-element elementor-element-646c73e elementor-widget elementor-widget-image\" data-id=\"646c73e\" data-element_type=\"widget\" data-e-type=\"widget\" data-widget_type=\"image.default\">\n\t\t\t\t<div class=\"elementor-widget-container\">\n\t\t\t\t\t\t\t\t\t\t\t\t\t\t\t<img fetchpriority=\"high\" decoding=\"async\" width=\"732\" height=\"1024\" src=\"https:\/\/eutopia-ev.de\/wp-content\/uploads\/2025\/03\/WhatsApp-Image-2025-03-07-at-16.12.27_f4ece09f-732x1024.jpg\" class=\"attachment-large size-large wp-image-1442\" alt=\"\" srcset=\"https:\/\/eutopia-ev.de\/wp-content\/uploads\/2025\/03\/WhatsApp-Image-2025-03-07-at-16.12.27_f4ece09f-732x1024.jpg 732w, https:\/\/eutopia-ev.de\/wp-content\/uploads\/2025\/03\/WhatsApp-Image-2025-03-07-at-16.12.27_f4ece09f-214x300.jpg 214w, https:\/\/eutopia-ev.de\/wp-content\/uploads\/2025\/03\/WhatsApp-Image-2025-03-07-at-16.12.27_f4ece09f-107x150.jpg 107w, https:\/\/eutopia-ev.de\/wp-content\/uploads\/2025\/03\/WhatsApp-Image-2025-03-07-at-16.12.27_f4ece09f-768x1075.jpg 768w, https:\/\/eutopia-ev.de\/wp-content\/uploads\/2025\/03\/WhatsApp-Image-2025-03-07-at-16.12.27_f4ece09f-1098x1536.jpg 1098w, https:\/\/eutopia-ev.de\/wp-content\/uploads\/2025\/03\/WhatsApp-Image-2025-03-07-at-16.12.27_f4ece09f.jpg 1458w\" sizes=\"(max-width: 732px) 100vw, 732px\" \/>\t\t\t\t\t\t\t\t\t\t\t\t\t\t\t<\/div>\n\t\t\t\t<\/div>\n\t\t\t\t\t<\/div>\n\t\t\t\t<\/div>\n\t\t\t\t<\/div>\n\t\t","protected":false},"excerpt":{"rendered":"<p>Auf Initiative der Sekret\u00e4rin der Vereinigung, Dimitra Skartsiari, wurde die Leihbibliothek der Vereinigung gegr\u00fcndet. Wir hoffen, dass unsere Mitglieder diese Bem\u00fchungen durch Buchspenden unterst\u00fctzen werden. Auf diese Weise kann die Bibliothek wachsen und f\u00fcr alle n\u00fctzlich werden. Zur Zeit ist die Bibliothek in den R\u00e4umen des Stadtteiltreffs Dietrichsfeld in der Alexanderstra\u00dfe untergebracht. 331, in Oldenburg. [&hellip;]<\/p>\n","protected":false},"author":1,"featured_media":0,"parent":0,"menu_order":0,"comment_status":"closed","ping_status":"closed","template":"","meta":{"iawp_total_views":43,"_mc_calendar":[],"footnotes":""},"class_list":["post-1525","page","type-page","status-publish","hentry"],"_links":{"self":[{"href":"https:\/\/eutopia-ev.de\/de\/wp-json\/wp\/v2\/pages\/1525","targetHints":{"allow":["GET"]}}],"collection":[{"href":"https:\/\/eutopia-ev.de\/de\/wp-json\/wp\/v2\/pages"}],"about":[{"href":"https:\/\/eutopia-ev.de\/de\/wp-json\/wp\/v2\/types\/page"}],"author":[{"embeddable":true,"href":"https:\/\/eutopia-ev.de\/de\/wp-json\/wp\/v2\/users\/1"}],"replies":[{"embeddable":true,"href":"https:\/\/eutopia-ev.de\/de\/wp-json\/wp\/v2\/comments?post=1525"}],"version-history":[{"count":3,"href":"https:\/\/eutopia-ev.de\/de\/wp-json\/wp\/v2\/pages\/1525\/revisions"}],"predecessor-version":[{"id":1528,"href":"https:\/\/eutopia-ev.de\/de\/wp-json\/wp\/v2\/pages\/1525\/revisions\/1528"}],"wp:attachment":[{"href":"https:\/\/eutopia-ev.de\/de\/wp-json\/wp\/v2\/media?parent=1525"}],"curies":[{"name":"wp","href":"https:\/\/api.w.org\/{rel}","templated":true}]}}