{"id":1694,"date":"2025-10-13T12:59:43","date_gmt":"2025-10-13T11:59:43","guid":{"rendered":"https:\/\/eutopia-ev.de\/100-jahre-mikis-theodorakis\/"},"modified":"2025-10-22T21:51:05","modified_gmt":"2025-10-22T20:51:05","slug":"100-jahre-mikis-theodorakis","status":"publish","type":"page","link":"https:\/\/eutopia-ev.de\/de\/100-jahre-mikis-theodorakis\/","title":{"rendered":"100 Jahre Mikis Theodorakis"},"content":{"rendered":"\t\t<div data-elementor-type=\"wp-page\" data-elementor-id=\"1694\" class=\"elementor elementor-1694 elementor-1637\" data-elementor-post-type=\"page\">\n\t\t\t\t<div class=\"elementor-element elementor-element-1425f5e e-flex e-con-boxed e-con e-parent\" data-id=\"1425f5e\" data-element_type=\"container\" data-e-type=\"container\">\n\t\t\t\t\t<div class=\"e-con-inner\">\n\t\t\t\t<div class=\"elementor-element elementor-element-060e081 elementor-invisible elementor-widget elementor-widget-text-editor\" data-id=\"060e081\" data-element_type=\"widget\" data-e-type=\"widget\" data-settings=\"{&quot;_animation&quot;:&quot;fadeInDown&quot;}\" data-widget_type=\"text-editor.default\">\n\t\t\t\t<div class=\"elementor-widget-container\">\n\t\t\t\t\t\t\t\t\t<p>Das Jahr 2025 ist ein bedeutendes Jahr in der Geschichte der griechischen Musik. Es markiert den 100. Geburtstag von drei gro\u00dfen Komponisten, die jeweils einen eigenen Stil hatten, deren Wege sich jedoch im Laufe ihres sch\u00f6pferischen Lebens kreuzten. Es sind 100 Jahre seit der Geburt von Giorgos Zampetas, Mikis Theodorakis und Manos Hadjidakis vergangen.  <\/p><p>Obwohl wir als Verein gerne alle drei geehrt h\u00e4tten, mussten wir uns aus finanziellen Gr\u00fcnden f\u00fcr einen von ihnen entscheiden. Wir beschlossen, denjenigen offiziell zu ehren, der in dem Land, das uns beherbergt, am bekanntesten ist \u2013 Mikis Theodorakis. Die Entscheidung fiel im September 2024, und seitdem versuchen wir, eine Reihe von Veranstaltungen zu organisieren. Inzwischen hat auch die griechische Regierung beschlossen, das Jahr 2025 zum \u201eJahr des Mikis Theodorakis\u201c zu erkl\u00e4ren.    <\/p><p>Wir sind der Meinung, dass in der heutigen globalen Situation eine Pers\u00f6nlichkeit wie Theodorakis \u2013 der, obwohl er einer bestimmten Ideologie verpflichtet war, aus Gr\u00fcnden der Einheit bereit war, nach Jahren und in Zeiten der Demokratie mit jenen zusammenzuarbeiten, die ihn einst verfolgten \u2013 ein Beispiel f\u00fcr engagierte B\u00fcrger aller demokratischen \u00dcberzeugungen sein kann. Gleichzeitig hat seine Musik, \u00fcber ihre politische Dimension hinaus, die Besonderheit, dass sie als erste die Gedichte gro\u00dfer griechischer Dichter vertonte. <\/p>\t\t\t\t\t\t\t\t<\/div>\n\t\t\t\t<\/div>\n\t\t\t\t\t<\/div>\n\t\t\t\t<\/div>\n\t\t<div class=\"elementor-element elementor-element-13fe857 e-flex e-con-boxed e-con e-parent\" data-id=\"13fe857\" data-element_type=\"container\" data-e-type=\"container\">\n\t\t\t\t\t<div class=\"e-con-inner\">\n\t\t\t\t<div class=\"elementor-element elementor-element-ed237aa elementor-invisible elementor-widget elementor-widget-text-editor\" data-id=\"ed237aa\" data-element_type=\"widget\" data-e-type=\"widget\" data-settings=\"{&quot;_animation&quot;:&quot;fadeInUp&quot;}\" data-widget_type=\"text-editor.default\">\n\t\t\t\t<div class=\"elementor-widget-container\">\n\t\t\t\t\t\t\t\t\t<p>Die Verwirklichung dieser Idee war dank bestimmter Menschen m\u00f6glich, die uns im k\u00fcnstlerischen Bereich unterst\u00fctzten \u2013 vor allem dank Giorgos Kolios, der die Ausstellung kuratiert, die wir im November pr\u00e4sentieren werden, und dem wir auch bei praktischen Fragen vieles verdanken. Urspr\u00fcnglich wollten wir ein Musikensemble aus Griechenland einladen, doch die Kosten waren zu hoch. Daher wandten wir uns an die Stiftung der LzO-Bank, die uns gro\u00dfz\u00fcgig mit einem Teil des urspr\u00fcnglichen Budgets unterst\u00fctzte \u2013 daf\u00fcr sind wir sehr dankbar. <\/p><p>Das begrenzte Budget f\u00fchrte uns zu anderen L\u00f6sungen, und dabei hatten wir Gl\u00fcck. Wir fanden Musiker hier in Oldenburg \u2013 Christos Tsolakidis, Sotiris Symeonidis und Dario Vaysi \u2013 sowie aus Thessaloniki Theodoros Tzikas und aus Berlin die in Thessaloniki geborene Sophia Siarlidou. Sp\u00e4ter kamen die stellvertretende Vereinsvorsitzende Kanella Gamoura und die in den USA lebende Griechin Penelope Kendros hinzu, die freundlicherweise mitwirken werden. Ein besonderer Dank gilt auch unserem Mitglied Marina Chionidou f\u00fcr die \u00dcberraschung, die sie vorbereitet.   <\/p><p>Von Anfang an hatten wir die Unterst\u00fctzung des lokalen Chors von Oldenburg, des Bundschuh Chors, der sich sehr fr\u00fch bereit erkl\u00e4rte, bei der Er\u00f6ffnung der Ausstellung symphonische Werke von Theodorakis zu singen. Michalis Harpantidis von M-Arts organisiert unter der Leitung von Giorgos Kolios ein Design-Workshop und beteiligt sich damit an den Veranstaltungen. Die letzte Erg\u00e4nzung des Programms war eine Performance, bei der einige Ausz\u00fcge aus Interviews mit Theodorakis auf dramatische Weise wiedergegeben wurden.  <\/p>\t\t\t\t\t\t\t\t<\/div>\n\t\t\t\t<\/div>\n\t\t\t\t\t<\/div>\n\t\t\t\t<\/div>\n\t\t<div class=\"elementor-element elementor-element-e4d8e24 e-flex e-con-boxed e-con e-parent\" data-id=\"e4d8e24\" data-element_type=\"container\" data-e-type=\"container\">\n\t\t\t\t\t<div class=\"e-con-inner\">\n\t\t\t\t<div class=\"elementor-element elementor-element-6512a9b elementor-invisible elementor-widget elementor-widget-text-editor\" data-id=\"6512a9b\" data-element_type=\"widget\" data-e-type=\"widget\" data-settings=\"{&quot;_animation&quot;:&quot;fadeInLeft&quot;}\" data-widget_type=\"text-editor.default\">\n\t\t\t\t<div class=\"elementor-widget-container\">\n\t\t\t\t\t\t\t\t\t<p>Alle Veranstaltungen finden im gastfreundlichen CORE, Heiligengeiststra\u00dfe 6\u20138, statt \u2013 in barrierefreien R\u00e4umen. Das Konzert wird im Auditorium stattfinden, w\u00e4hrend die Ausstellung in einem eigens vorbereiteten Raum \u2013 ebenfalls im CORE \u2013 gezeigt wird. Das CORE beteiligt sich au\u00dferdem mit einer eigenen Veranstaltung: Am Samstag, den 8. November, organisiert es ein griechisches Fest mit dem Titel \u201eParea\u201c. Unser Verein unterst\u00fctzt das Fest, indem er kocht und mit unseren Musikern einen Teil des Musikprogramms gestaltet. Ein gro\u00dfer Dank geht an Thanasis Vasileiou und sein Team, das das Essen f\u00fcr die Feier zubereiten wird \u2013 die Namen des Teams werden noch bekannt gegeben.     <\/p><p>Am Sonntag, den 9. November, au\u00dferhalb unseres Hauptprogramms, haben wir beschlossen, mit unseren Musikern an der \u00f6kumenischen Gottesdienstfeier in der Friedenskirche teilzunehmen. Dort werden wir zwei Lieder von Theodorakis aus dem \u201eMauthausen\u201c-Zyklus singen \u2013 im Rahmen der Veranstaltungen des \u201eErinnerungsgangs\u201c, der in Gedenken an die Verhafteten in Oldenburg w\u00e4hrend der Reichspogromnacht 1936 stattfindet. Unsere Teilnahme verbindet das Werk von Theodorakis mit einem lokalen Gedenktag und bietet uns die Gelegenheit, mit anderen Vereinen zusammenzuarbeiten. <\/p>\t\t\t\t\t\t\t\t<\/div>\n\t\t\t\t<\/div>\n\t\t\t\t\t<\/div>\n\t\t\t\t<\/div>\n\t\t<div class=\"elementor-element elementor-element-e2af09d e-flex e-con-boxed e-con e-parent\" data-id=\"e2af09d\" data-element_type=\"container\" data-e-type=\"container\">\n\t\t\t\t\t<div class=\"e-con-inner\">\n\t\t\t\t<div class=\"elementor-element elementor-element-1c6c335 elementor-widget elementor-widget-text-editor\" data-id=\"1c6c335\" data-element_type=\"widget\" data-e-type=\"widget\" data-widget_type=\"text-editor.default\">\n\t\t\t\t<div class=\"elementor-widget-container\">\n\t\t\t\t\t\t\t\t\t<p>Es w\u00e4re eine Unterlassung, wenn wir nicht auch den Spendern danken w\u00fcrden, die uns die Durchf\u00fchrung der Veranstaltungen erm\u00f6glichen.&nbsp; Der Stiftung LzO, ohne die wir nichts von all dem, was wir verwirklichen, auch nur tr\u00e4umen k\u00f6nnten, Angelis &amp; Partners, die die Unterkunftskosten der Musiker \u00fcbernommen und entscheidend dazu beigetragen hat, dass wir das Core nutzen konnten, sowie Prof. Dr. Helge Kn\u00fcppel und dem Restaurant \u201eELENA\u201c, Dr. med. Stefan Piel und Alexis Vaiou vom Restaurant Olympische Feuer in Bremerhaven, die uns mit ihren Spenden geholfen haben, unsere Veranstaltungen zu bereichern. Ein gro\u00dfes Dankesch\u00f6n geb\u00fchrt auch Kostas Papakostantinou aus Athen, der, ohne einen von uns pers\u00f6nlich zu kennen, unentgeltlich das Plakat f\u00fcr die Veranstaltungen nach einem Entwurf von Georgios Kolios sowie das Hintergrundbild f\u00fcr alle unsere Drucksachen gestaltet hat.  <\/p>\n<p>Im Folgenden finden Sie das Programm aus unserem Flyer \u2013 auf Deutsch.<\/p>\t\t\t\t\t\t\t\t<\/div>\n\t\t\t\t<\/div>\n\t\t\t\t\t<\/div>\n\t\t\t\t<\/div>\n\t\t<div class=\"elementor-element elementor-element-4da2f91 e-flex e-con-boxed e-con e-parent\" data-id=\"4da2f91\" data-element_type=\"container\" data-e-type=\"container\">\n\t\t\t\t\t<div class=\"e-con-inner\">\n\t\t\t\t<div class=\"elementor-element elementor-element-9691aed elementor-invisible elementor-widget elementor-widget-image\" data-id=\"9691aed\" data-element_type=\"widget\" data-e-type=\"widget\" data-settings=\"{&quot;_animation&quot;:&quot;zoomIn&quot;}\" data-widget_type=\"image.default\">\n\t\t\t\t<div class=\"elementor-widget-container\">\n\t\t\t\t\t\t\t\t\t\t\t\t\t\t\t<img fetchpriority=\"high\" decoding=\"async\" width=\"2000\" height=\"933\" src=\"https:\/\/eutopia-ev.de\/wp-content\/uploads\/2025\/10\/FlyerP2c.png\" class=\"attachment-full size-full wp-image-1665\" alt=\"\" srcset=\"https:\/\/eutopia-ev.de\/wp-content\/uploads\/2025\/10\/FlyerP2c.png 2000w, https:\/\/eutopia-ev.de\/wp-content\/uploads\/2025\/10\/FlyerP2c-300x140.png 300w, https:\/\/eutopia-ev.de\/wp-content\/uploads\/2025\/10\/FlyerP2c-1024x478.png 1024w, https:\/\/eutopia-ev.de\/wp-content\/uploads\/2025\/10\/FlyerP2c-150x70.png 150w, https:\/\/eutopia-ev.de\/wp-content\/uploads\/2025\/10\/FlyerP2c-768x358.png 768w, https:\/\/eutopia-ev.de\/wp-content\/uploads\/2025\/10\/FlyerP2c-1536x717.png 1536w\" sizes=\"(max-width: 2000px) 100vw, 2000px\" \/>\t\t\t\t\t\t\t\t\t\t\t\t\t\t\t<\/div>\n\t\t\t\t<\/div>\n\t\t\t\t\t<\/div>\n\t\t\t\t<\/div>\n\t\t\t\t<\/div>\n\t\t","protected":false},"excerpt":{"rendered":"<p>Das Jahr 2025 ist ein bedeutendes Jahr in der Geschichte der griechischen Musik. Es markiert den 100. Geburtstag von drei gro\u00dfen Komponisten, die jeweils einen eigenen Stil hatten, deren Wege sich jedoch im Laufe ihres sch\u00f6pferischen Lebens kreuzten. Es sind 100 Jahre seit der Geburt von Giorgos Zampetas, Mikis Theodorakis und Manos Hadjidakis vergangen. Obwohl [&hellip;]<\/p>\n","protected":false},"author":3,"featured_media":0,"parent":0,"menu_order":0,"comment_status":"closed","ping_status":"closed","template":"","meta":{"iawp_total_views":218,"_mc_calendar":[],"footnotes":""},"class_list":["post-1694","page","type-page","status-publish","hentry"],"_links":{"self":[{"href":"https:\/\/eutopia-ev.de\/de\/wp-json\/wp\/v2\/pages\/1694","targetHints":{"allow":["GET"]}}],"collection":[{"href":"https:\/\/eutopia-ev.de\/de\/wp-json\/wp\/v2\/pages"}],"about":[{"href":"https:\/\/eutopia-ev.de\/de\/wp-json\/wp\/v2\/types\/page"}],"author":[{"embeddable":true,"href":"https:\/\/eutopia-ev.de\/de\/wp-json\/wp\/v2\/users\/3"}],"replies":[{"embeddable":true,"href":"https:\/\/eutopia-ev.de\/de\/wp-json\/wp\/v2\/comments?post=1694"}],"version-history":[{"count":4,"href":"https:\/\/eutopia-ev.de\/de\/wp-json\/wp\/v2\/pages\/1694\/revisions"}],"predecessor-version":[{"id":1712,"href":"https:\/\/eutopia-ev.de\/de\/wp-json\/wp\/v2\/pages\/1694\/revisions\/1712"}],"wp:attachment":[{"href":"https:\/\/eutopia-ev.de\/de\/wp-json\/wp\/v2\/media?parent=1694"}],"curies":[{"name":"wp","href":"https:\/\/api.w.org\/{rel}","templated":true}]}}