{"id":1722,"date":"2025-11-23T11:42:35","date_gmt":"2025-11-23T10:42:35","guid":{"rendered":"https:\/\/eutopia-ev.de\/fruehere-vorstaende\/"},"modified":"2025-11-23T12:18:23","modified_gmt":"2025-11-23T11:18:23","slug":"fruehere-vorstaende","status":"publish","type":"page","link":"https:\/\/eutopia-ev.de\/de\/fruehere-vorstaende\/","title":{"rendered":"Fr\u00fchere Vorst\u00e4nde"},"content":{"rendered":"\t\t<div data-elementor-type=\"wp-page\" data-elementor-id=\"1722\" class=\"elementor elementor-1722 elementor-1720\" data-elementor-post-type=\"page\">\n\t\t\t\t<div class=\"elementor-element elementor-element-f3b9dd4 e-flex e-con-boxed e-con e-parent\" data-id=\"f3b9dd4\" data-element_type=\"container\" data-e-type=\"container\">\n\t\t\t\t\t<div class=\"e-con-inner\">\n\t\t\t\t<div class=\"elementor-element elementor-element-ff93821 elementor-widget elementor-widget-text-editor\" data-id=\"ff93821\" data-element_type=\"widget\" data-e-type=\"widget\" data-widget_type=\"text-editor.default\">\n\t\t\t\t<div class=\"elementor-widget-container\">\n\t\t\t\t\t\t\t\t\t<p><\/p>\n<p>Aus Gr\u00fcnden der historischen Genauigkeit sind nachfolgend die fr\u00fcheren Vorst\u00e4nde des Vereins aufgef\u00fchrt.<\/p>\n<p> <\/p>\n<h3 class=\"wp-block-heading\">2023-2025<\/h3>\n<p> <\/p>\n<p>Mit der Gr\u00fcndung des Vereins f\u00fchrten die Gr\u00fcndungsmitglieder Wahlen durch und bestimmten den ersten Vorstand, dessen Amtszeit Ende 2025 ausl\u00e4uft<\/p>\n<p> <\/p>\n<ul class=\"wp-block-list\">\n<li>1. Vorsitzende:<br>Katerina Tounousidi \u2013 Lehramtsstudentin, Universit\u00e4t Oldenburg<\/li>\n \n<li>2. Vorsitzende:<br>Kanella Gamoura \u2013 Logop\u00e4din \/ Auszubildende zur Operationstechnischen Assistentin<\/li>\n \n<li>Schriftf\u00fchrerin:<br>Dimitra Skartsiari \u2013 Ausgebildete Hauswirtschafterin \/ Angestellte im privaten Sektor<\/li>\n \n<li>Kassenwart:<br>Giorgos Koutroulas \u2013 Buchhalter \/ Angestellter im privaten Sektor &amp; Unternehmer (Coffee Bike Oldenburg)<\/li>\n<\/ul>\n<p><\/p>\t\t\t\t\t\t\t\t<\/div>\n\t\t\t\t<\/div>\n\t\t\t\t\t<\/div>\n\t\t\t\t<\/div>\n\t\t\t\t<\/div>\n\t\t","protected":false},"excerpt":{"rendered":"<p>Aus Gr\u00fcnden der historischen Genauigkeit sind nachfolgend die fr\u00fcheren Vorst\u00e4nde des Vereins aufgef\u00fchrt. 2023-2025 Mit der Gr\u00fcndung des Vereins f\u00fchrten die Gr\u00fcndungsmitglieder Wahlen durch und bestimmten den ersten Vorstand, dessen Amtszeit Ende 2025 ausl\u00e4uft 1. Vorsitzende:Katerina Tounousidi \u2013 Lehramtsstudentin, Universit\u00e4t Oldenburg 2. Vorsitzende:Kanella Gamoura \u2013 Logop\u00e4din \/ Auszubildende zur Operationstechnischen Assistentin Schriftf\u00fchrerin:Dimitra Skartsiari \u2013 Ausgebildete [&hellip;]<\/p>\n","protected":false},"author":3,"featured_media":0,"parent":0,"menu_order":0,"comment_status":"closed","ping_status":"closed","template":"","meta":{"iawp_total_views":36,"_mc_calendar":[],"footnotes":""},"class_list":["post-1722","page","type-page","status-publish","hentry"],"_links":{"self":[{"href":"https:\/\/eutopia-ev.de\/de\/wp-json\/wp\/v2\/pages\/1722","targetHints":{"allow":["GET"]}}],"collection":[{"href":"https:\/\/eutopia-ev.de\/de\/wp-json\/wp\/v2\/pages"}],"about":[{"href":"https:\/\/eutopia-ev.de\/de\/wp-json\/wp\/v2\/types\/page"}],"author":[{"embeddable":true,"href":"https:\/\/eutopia-ev.de\/de\/wp-json\/wp\/v2\/users\/3"}],"replies":[{"embeddable":true,"href":"https:\/\/eutopia-ev.de\/de\/wp-json\/wp\/v2\/comments?post=1722"}],"version-history":[{"count":2,"href":"https:\/\/eutopia-ev.de\/de\/wp-json\/wp\/v2\/pages\/1722\/revisions"}],"predecessor-version":[{"id":1735,"href":"https:\/\/eutopia-ev.de\/de\/wp-json\/wp\/v2\/pages\/1722\/revisions\/1735"}],"wp:attachment":[{"href":"https:\/\/eutopia-ev.de\/de\/wp-json\/wp\/v2\/media?parent=1722"}],"curies":[{"name":"wp","href":"https:\/\/api.w.org\/{rel}","templated":true}]}}